{"id":98,"date":"2018-01-31T19:13:33","date_gmt":"2018-01-31T19:13:33","guid":{"rendered":"http:\/\/info.d4kr.com\/?page_id=98"},"modified":"2021-03-01T09:23:33","modified_gmt":"2021-03-01T08:23:33","slug":"formazione","status":"publish","type":"page","link":"https:\/\/informatici.ch\/web\/formazione\/","title":{"rendered":"Informatico AFC &#8211; Formazione"},"content":{"rendered":"<h3>Durata: 4 anni<\/h3>\n<p>La formazione professionale di base, di tipo modulare, pu\u00f2 essere svolta nei seguenti indirizzi: sviluppo di applicazioni, informatica aziendale, tecnica dei sistemi.<\/p>\n<p>Esistono due possibilit\u00e0 di formazione.<\/p>\n<p><strong>Formazione professionale di base (tirocinio)<\/strong> in un&#8217;azienda del ramo e frequenza della Scuola professionale (SPAI) di Locarno. Il primo anno \u00e8 a tempo pieno con attivit\u00e0 presso il datore di lavoro nei periodi di vacanze scolastiche. Dal secondo anno inizio regolare dell&#8217;attivit\u00e0 presso il datore di lavoro e frequenza (corsi a blocchi) della scuola e i dei corsi interaziendali presso il Centro AMETI. Materie d&#8217;insegnamento: informatica, conoscenze di base estese (matematica, scienze naturali, economia e diritto, inglese), cultura generale e sport. Ogni modulo trasmette una determinata competenza operativa. Possibilit\u00e0 di conseguire la maturit\u00e0 professionale.<\/p>\n<p><strong>Scuola a tempo pieno.<\/strong> Frequenza della Scuola d&#8217;arti e mestieri di Trevano (SAMT). I corsi di maturit\u00e0 professionale tecnica, architettura e scienze della vita, sono obbligatori e le esercitazioni pratiche a scuola sono integrate con periodi di stage presso imprese del settore. Ogni modulo trasmette una o pi\u00f9 competenze operative e metodologiche (sistemi operativi, programmazione, reti, server, elettronica di base, elettronica digitale, robotica ecc). Materie di maturit\u00e0: italiano, tedesco, inglese, storia ed istituzioni politiche, economia e diritto, matematica, fisica e chimica oltre che a una materia opzionale. Durante la formazione vengono svolti degli stage presso aziende, in Svizzera o all\u2019estero, specialmente durante il terzo anno.<\/p>\n<p>Al termine della formazione, superata la procedura di qualificazione (esami) si ottiene l\u2019attestato federale di capacit\u00e0 (AFC) di<br \/>\n<strong>INFORMATICO o INFORMATICA<\/strong><\/p>\n<p>(<a href=\"https:\/\/www.admin.ch\/opc\/it\/classified-compilation\/20132850\/index.html\">Ordinanza federale sulla formazione professionale di base del 11 novembre 2013<\/a>)<\/p>\n","protected":false},"excerpt":{"rendered":"<p>Durata: 4 anni La formazione professionale di base, di tipo modulare, pu\u00f2 essere svolta nei seguenti indirizzi: sviluppo di applicazioni, informatica aziendale, tecnica dei sistemi. Esistono due possibilit\u00e0 di formazione. Formazione professionale di base (tirocinio) in un&#8217;azienda del ramo e frequenza della Scuola professionale (SPAI) di Locarno. Il primo anno \u00e8 a tempo pieno con attivit\u00e0 presso il datore di lavoro nei periodi di vacanze scolastiche. Dal secondo anno inizio regolare dell&#8217;attivit\u00e0 presso il datore di lavoro e frequenza (corsi<\/p>\n","protected":false},"author":1,"featured_media":152,"parent":0,"menu_order":0,"comment_status":"closed","ping_status":"closed","template":"","meta":{"footnotes":""},"class_list":["post-98","page","type-page","status-publish","has-post-thumbnail","hentry"],"_links":{"self":[{"href":"https:\/\/informatici.ch\/web\/wp-json\/wp\/v2\/pages\/98","targetHints":{"allow":["GET"]}}],"collection":[{"href":"https:\/\/informatici.ch\/web\/wp-json\/wp\/v2\/pages"}],"about":[{"href":"https:\/\/informatici.ch\/web\/wp-json\/wp\/v2\/types\/page"}],"author":[{"embeddable":true,"href":"https:\/\/informatici.ch\/web\/wp-json\/wp\/v2\/users\/1"}],"replies":[{"embeddable":true,"href":"https:\/\/informatici.ch\/web\/wp-json\/wp\/v2\/comments?post=98"}],"version-history":[{"count":2,"href":"https:\/\/informatici.ch\/web\/wp-json\/wp\/v2\/pages\/98\/revisions"}],"predecessor-version":[{"id":1936,"href":"https:\/\/informatici.ch\/web\/wp-json\/wp\/v2\/pages\/98\/revisions\/1936"}],"wp:featuredmedia":[{"embeddable":true,"href":"https:\/\/informatici.ch\/web\/wp-json\/wp\/v2\/media\/152"}],"wp:attachment":[{"href":"https:\/\/informatici.ch\/web\/wp-json\/wp\/v2\/media?parent=98"}],"curies":[{"name":"wp","href":"https:\/\/api.w.org\/{rel}","templated":true}]}}